{"id":49,"date":"2020-05-11T09:09:53","date_gmt":"2020-05-11T08:09:53","guid":{"rendered":"https:\/\/gieaujourdhui74.wordpress.com\/?page_id=49"},"modified":"2020-07-06T16:26:41","modified_gmt":"2020-07-06T14:26:41","slug":"comment-adherer","status":"publish","type":"page","link":"https:\/\/gieaujourdhui74.fr\/?page_id=49","title":{"rendered":"Comment adh\u00e9rer"},"content":{"rendered":"\n<h2 class=\"wp-block-heading\">Qu&rsquo;est ce qu&rsquo;un GIE ?<\/h2>\n\n\n\n<p class=\"has-text-align-justify\">Le Groupement d\u2019Int\u00e9r\u00eat Economique, est un \u00ab groupement de moyens \u00bb qui se juxtapose aux entreprises membres sans les faire dispara\u00eetre. Il permet aux adh\u00e9rents de conserver leur individualit\u00e9 et leur autonomie. Ce n&rsquo;est ni une soci\u00e9t\u00e9 ni une association, et n&rsquo;a pas pour objectif de r\u00e9aliser des b\u00e9n\u00e9fices pour lui m\u00eame.<\/p>\n\n\n\n<h2 class=\"wp-block-heading\">Comment int\u00e9grer le GIE Aujourd&rsquo;hui 74 ?<\/h2>\n\n\n\n<p>Pour int\u00e9grer le GIE il faut : <\/p>\n\n\n\n<ul><li>Payer un montant d&rsquo;adh\u00e9sion (droit d&rsquo;entr\u00e9e unique)<\/li><li>Signer les statuts<\/li><li>Signer la charte \u00e9thique<\/li><\/ul>\n\n\n\n<p>Cette adh\u00e9sion sera act\u00e9e par les membres \u00e0 l&rsquo;unanimit\u00e9.<\/p>\n\n\n\n<p class=\"has-text-align-center\"><em>Nous contacter pour plus de renseignements.<\/em><\/p>\n\n\n\n<figure class=\"wp-block-image size-large is-style-default\"><img decoding=\"async\" loading=\"lazy\" width=\"1024\" height=\"395\" src=\"https:\/\/gieaujourdhui74.fr\/wp-content\/uploads\/2020\/06\/15353800771_40570b84af_b.jpg\" alt=\"\" class=\"wp-image-349\" srcset=\"https:\/\/gieaujourdhui74.fr\/wp-content\/uploads\/2020\/06\/15353800771_40570b84af_b.jpg 1024w, https:\/\/gieaujourdhui74.fr\/wp-content\/uploads\/2020\/06\/15353800771_40570b84af_b-300x116.jpg 300w, https:\/\/gieaujourdhui74.fr\/wp-content\/uploads\/2020\/06\/15353800771_40570b84af_b-768x296.jpg 768w\" sizes=\"(max-width: 1024px) 100vw, 1024px\" \/><\/figure>\n","protected":false},"excerpt":{"rendered":"<p>Qu&rsquo;est ce qu&rsquo;un GIE ? Le Groupement d\u2019Int\u00e9r\u00eat Economique, est un \u00ab groupement de moyens \u00bb qui se juxtapose aux entreprises membres sans les faire dispara\u00eetre. Il permet aux adh\u00e9rents de conserver leur individualit\u00e9 et leur autonomie. Ce n&rsquo;est ni une soci\u00e9t\u00e9 ni une association, et n&rsquo;a pas pour objectif de r\u00e9aliser des b\u00e9n\u00e9fices pour<a class=\"more-link\" href=\"https:\/\/gieaujourdhui74.fr\/?page_id=49\">Poursuivre la lecture de <span class=\"screen-reader-text\">\u00ab\u00a0Comment adh\u00e9rer\u00a0\u00bb<\/span><\/a><\/p>\n","protected":false},"author":3,"featured_media":0,"parent":0,"menu_order":0,"comment_status":"closed","ping_status":"closed","template":"","meta":[],"_links":{"self":[{"href":"https:\/\/gieaujourdhui74.fr\/index.php?rest_route=\/wp\/v2\/pages\/49"}],"collection":[{"href":"https:\/\/gieaujourdhui74.fr\/index.php?rest_route=\/wp\/v2\/pages"}],"about":[{"href":"https:\/\/gieaujourdhui74.fr\/index.php?rest_route=\/wp\/v2\/types\/page"}],"author":[{"embeddable":true,"href":"https:\/\/gieaujourdhui74.fr\/index.php?rest_route=\/wp\/v2\/users\/3"}],"replies":[{"embeddable":true,"href":"https:\/\/gieaujourdhui74.fr\/index.php?rest_route=%2Fwp%2Fv2%2Fcomments&post=49"}],"version-history":[{"count":2,"href":"https:\/\/gieaujourdhui74.fr\/index.php?rest_route=\/wp\/v2\/pages\/49\/revisions"}],"predecessor-version":[{"id":490,"href":"https:\/\/gieaujourdhui74.fr\/index.php?rest_route=\/wp\/v2\/pages\/49\/revisions\/490"}],"wp:attachment":[{"href":"https:\/\/gieaujourdhui74.fr\/index.php?rest_route=%2Fwp%2Fv2%2Fmedia&parent=49"}],"curies":[{"name":"wp","href":"https:\/\/api.w.org\/{rel}","templated":true}]}}