{"id":23,"date":"2020-05-05T12:41:40","date_gmt":"2020-05-05T11:41:40","guid":{"rendered":"https:\/\/gieaujourdhui74.wordpress.com\/?page_id=23"},"modified":"2020-06-23T10:51:43","modified_gmt":"2020-06-23T08:51:43","slug":"activites","status":"publish","type":"page","link":"https:\/\/gieaujourdhui74.fr\/?page_id=23","title":{"rendered":"Le GIE en quelques mots"},"content":{"rendered":"\n<h3 class=\"wp-block-heading\">Utilit\u00e9 du GIE<\/h3>\n\n\n\n<p class=\"has-text-align-justify\">Le GIE Aujourd&rsquo;hui 74 apporte plusieurs int\u00e9r\u00eats aux entreprises adh\u00e9rentes :&nbsp;<\/p>\n\n\n\n<ul><li>Consolidation de la<strong>&nbsp;puissance d&rsquo;achat des adh\u00e9rents&nbsp;<\/strong>pour augmenter la force de n\u00e9gociation<\/li><li>Obtention des <strong>meilleurs services<\/strong> aupr\u00e8s des fournisseurs partenaires r\u00e9f\u00e9renc\u00e9s.<\/li><li> B\u00e9n\u00e9fices des&nbsp;<strong>avis de professionnels comp\u00e9tents&nbsp;<\/strong>dans les achats <\/li><li> <strong>Gain de temps&nbsp;<\/strong>avec une gestion centralis\u00e9e des accords cadres <\/li><li> B\u00e9n\u00e9fices&nbsp;d&rsquo;<strong>une veille technologique&nbsp;<\/strong>: informations, innovation sur les diff\u00e9rents march\u00e9s<\/li><li> Progression et enrichissement par&nbsp;<strong>l\u2019\u00e9change et le partage d\u2019exp\u00e9rience&nbsp;<\/strong>avec les autres membres du&nbsp;groupement<\/li><\/ul>\n\n\n\n<p class=\"has-text-align-justify\">Aujourd&rsquo;hui, la mondialisation, mais \u00e9galement les crises \u00e9conomiques et financi\u00e8res engendrent des remises en question perp\u00e9tuelles des entreprises concernant leur strat\u00e9gie d\u2019achat pour rester comp\u00e9titives sur leur march\u00e9. Elles doivent s&rsquo;adapter en modifiant l&rsquo;approche des ressources externes. Leurs strat\u00e9gies d&rsquo;achats indirects deviennent tout aussi importantes que leurs strat\u00e9gies d\u2019achats directs.<br><br>Le GIE Aujourd&rsquo;hui 74 r\u00e9pond aux soci\u00e9t\u00e9s dans ce besoin en les unissant, en les aidant \u00e0 r\u00e9duire leurs co\u00fbts et en optimisant leurs rapports avec les fournisseurs et prestataires.<\/p>\n\n\n\n<h3 class=\"wp-block-heading\"> Fonctionnement du GIE <\/h3>\n\n\n\n<p class=\"has-text-align-justify\">Le GIE poss\u00e8de une personnalit\u00e9 morale enti\u00e8re et autonome, distincte de celle des membres. Il peut ainsi, par l\u2019interm\u00e9diaire de l\u2019administrateur qui le repr\u00e9sente, conclure des contrats-cadres.<\/p>\n\n\n\n<ul><li><strong>Administration du GIE :<\/strong>&nbsp;Les membres ont une tr\u00e8s grande libert\u00e9 (article L251-11 du code de commerce), sous r\u00e9serve de la cr\u00e9ation d\u2019un organe de gestion, d\u2019un organe de d\u00e9lib\u00e9ration et d\u2019un organe de contr\u00f4le de la gestion et des comptes.<\/li><\/ul>\n\n\n\n<ul><li> <strong>Organe de gestion :<\/strong>&nbsp;Le GIE est administr\u00e9 par une ou plusieurs personnes. L\u2019administrateur nomm\u00e9 pour une dur\u00e9e limit\u00e9e ou non, repr\u00e9sente et engage le GIE. D\u2019autres organes de gestion peuvent librement \u00eatre rajout\u00e9s : le conseil d\u2019administration et le conseil de surveillance&#8230; <\/li><\/ul>\n\n\n\n<ul><li> <strong>Organe de d\u00e9lib\u00e9ration :&nbsp;<\/strong>\u00a0\u00bb L\u2019assembl\u00e9e des membres du GIE est habilit\u00e9e \u00e0 prendre toutes d\u00e9cisions y compris de dissolution anticip\u00e9e dans des conditions d\u00e9termin\u00e9es par le contrat.\u00a0\u00bb Le texte laisse donc une grande libert\u00e9 aux fondateurs pour fixer la comp\u00e9tence de l\u2019assembl\u00e9e. De plus, les d\u00e9cisions de majorit\u00e9 sont fix\u00e9es par le contrat, et \u00e0 d\u00e9faut, l\u2019unanimit\u00e9 est requise. <\/li><\/ul>\n\n\n\n<figure class=\"wp-block-image size-large\"><img decoding=\"async\" loading=\"lazy\" width=\"1024\" height=\"683\" src=\"https:\/\/gieaujourdhui74.fr\/wp-content\/uploads\/2020\/06\/raissa-lara-lutolf-zzw7ic2fey4-unsplash-1024x683.jpg\" alt=\"\" class=\"wp-image-454\" srcset=\"https:\/\/gieaujourdhui74.fr\/wp-content\/uploads\/2020\/06\/raissa-lara-lutolf-zzw7ic2fey4-unsplash-1024x683.jpg 1024w, https:\/\/gieaujourdhui74.fr\/wp-content\/uploads\/2020\/06\/raissa-lara-lutolf-zzw7ic2fey4-unsplash-300x200.jpg 300w, https:\/\/gieaujourdhui74.fr\/wp-content\/uploads\/2020\/06\/raissa-lara-lutolf-zzw7ic2fey4-unsplash-768x512.jpg 768w, https:\/\/gieaujourdhui74.fr\/wp-content\/uploads\/2020\/06\/raissa-lara-lutolf-zzw7ic2fey4-unsplash-1536x1024.jpg 1536w, https:\/\/gieaujourdhui74.fr\/wp-content\/uploads\/2020\/06\/raissa-lara-lutolf-zzw7ic2fey4-unsplash-2048x1365.jpg 2048w, https:\/\/gieaujourdhui74.fr\/wp-content\/uploads\/2020\/06\/raissa-lara-lutolf-zzw7ic2fey4-unsplash-1568x1045.jpg 1568w\" sizes=\"(max-width: 1024px) 100vw, 1024px\" \/><\/figure>\n","protected":false},"excerpt":{"rendered":"<p>Utilit\u00e9 du GIE Le GIE Aujourd&rsquo;hui 74 apporte plusieurs int\u00e9r\u00eats aux entreprises adh\u00e9rentes :&nbsp; Consolidation de la&nbsp;puissance d&rsquo;achat des adh\u00e9rents&nbsp;pour augmenter la force de n\u00e9gociation Obtention des meilleurs services aupr\u00e8s des fournisseurs partenaires r\u00e9f\u00e9renc\u00e9s. B\u00e9n\u00e9fices des&nbsp;avis de professionnels comp\u00e9tents&nbsp;dans les achats Gain de temps&nbsp;avec une gestion centralis\u00e9e des accords cadres B\u00e9n\u00e9fices&nbsp;d&rsquo;une veille technologique&nbsp;: informations, innovation<a class=\"more-link\" href=\"https:\/\/gieaujourdhui74.fr\/?page_id=23\">Poursuivre la lecture de <span class=\"screen-reader-text\">\u00ab\u00a0Le GIE en quelques mots\u00a0\u00bb<\/span><\/a><\/p>\n","protected":false},"author":3,"featured_media":0,"parent":0,"menu_order":0,"comment_status":"closed","ping_status":"closed","template":"","meta":[],"_links":{"self":[{"href":"https:\/\/gieaujourdhui74.fr\/index.php?rest_route=\/wp\/v2\/pages\/23"}],"collection":[{"href":"https:\/\/gieaujourdhui74.fr\/index.php?rest_route=\/wp\/v2\/pages"}],"about":[{"href":"https:\/\/gieaujourdhui74.fr\/index.php?rest_route=\/wp\/v2\/types\/page"}],"author":[{"embeddable":true,"href":"https:\/\/gieaujourdhui74.fr\/index.php?rest_route=\/wp\/v2\/users\/3"}],"replies":[{"embeddable":true,"href":"https:\/\/gieaujourdhui74.fr\/index.php?rest_route=%2Fwp%2Fv2%2Fcomments&post=23"}],"version-history":[{"count":1,"href":"https:\/\/gieaujourdhui74.fr\/index.php?rest_route=\/wp\/v2\/pages\/23\/revisions"}],"predecessor-version":[{"id":493,"href":"https:\/\/gieaujourdhui74.fr\/index.php?rest_route=\/wp\/v2\/pages\/23\/revisions\/493"}],"wp:attachment":[{"href":"https:\/\/gieaujourdhui74.fr\/index.php?rest_route=%2Fwp%2Fv2%2Fmedia&parent=23"}],"curies":[{"name":"wp","href":"https:\/\/api.w.org\/{rel}","templated":true}]}}