{"id":131,"date":"2020-05-11T09:12:33","date_gmt":"2020-05-11T08:12:33","guid":{"rendered":"https:\/\/gieaujourdhui74.wordpress.com\/?page_id=131"},"modified":"2020-07-06T16:27:04","modified_gmt":"2020-07-06T14:27:04","slug":"charte-ethique","status":"publish","type":"page","link":"https:\/\/gieaujourdhui74.fr\/?page_id=131","title":{"rendered":"Charte Ethique"},"content":{"rendered":"\n<blockquote class=\"wp-block-quote\"><p>Voici les engagements que le GIE respecte et que tous les adh\u00e9rents doivent signer&#8230;<\/p><\/blockquote>\n\n\n\n<div class=\"wp-block-media-text alignwide has-background has-background-dark-background-color is-stacked-on-mobile\" style=\"grid-template-columns:60% auto\"><figure class=\"wp-block-media-text__media\"><img decoding=\"async\" loading=\"lazy\" width=\"515\" height=\"608\" src=\"https:\/\/gieaujourdhui74.fr\/wp-content\/uploads\/2020\/06\/charte-c3a9thique.png\" alt=\"\" class=\"wp-image-373\" srcset=\"https:\/\/gieaujourdhui74.fr\/wp-content\/uploads\/2020\/06\/charte-c3a9thique.png 515w, https:\/\/gieaujourdhui74.fr\/wp-content\/uploads\/2020\/06\/charte-c3a9thique-254x300.png 254w\" sizes=\"(max-width: 515px) 100vw, 515px\" \/><\/figure><div class=\"wp-block-media-text__content\">\n<p class=\"has-text-align-justify has-large-font-size\"><em>Ces engagements sont sign\u00e9s, et font partie int\u00e9grante des conditions d&rsquo;entr\u00e9e au GIE.<\/em><\/p>\n<\/div><\/div>\n","protected":false},"excerpt":{"rendered":"<p>Voici les engagements que le GIE respecte et que tous les adh\u00e9rents doivent signer&#8230; Ces engagements sont sign\u00e9s, et font partie int\u00e9grante des conditions d&rsquo;entr\u00e9e au GIE.<\/p>\n","protected":false},"author":3,"featured_media":0,"parent":0,"menu_order":0,"comment_status":"closed","ping_status":"closed","template":"","meta":[],"_links":{"self":[{"href":"https:\/\/gieaujourdhui74.fr\/index.php?rest_route=\/wp\/v2\/pages\/131"}],"collection":[{"href":"https:\/\/gieaujourdhui74.fr\/index.php?rest_route=\/wp\/v2\/pages"}],"about":[{"href":"https:\/\/gieaujourdhui74.fr\/index.php?rest_route=\/wp\/v2\/types\/page"}],"author":[{"embeddable":true,"href":"https:\/\/gieaujourdhui74.fr\/index.php?rest_route=\/wp\/v2\/users\/3"}],"replies":[{"embeddable":true,"href":"https:\/\/gieaujourdhui74.fr\/index.php?rest_route=%2Fwp%2Fv2%2Fcomments&post=131"}],"version-history":[{"count":2,"href":"https:\/\/gieaujourdhui74.fr\/index.php?rest_route=\/wp\/v2\/pages\/131\/revisions"}],"predecessor-version":[{"id":489,"href":"https:\/\/gieaujourdhui74.fr\/index.php?rest_route=\/wp\/v2\/pages\/131\/revisions\/489"}],"wp:attachment":[{"href":"https:\/\/gieaujourdhui74.fr\/index.php?rest_route=%2Fwp%2Fv2%2Fmedia&parent=131"}],"curies":[{"name":"wp","href":"https:\/\/api.w.org\/{rel}","templated":true}]}}